{"id":46,"date":"2018-12-24T10:35:09","date_gmt":"2018-12-24T10:35:09","guid":{"rendered":"https:\/\/demo.kanthemes.com.tr\/geoit\/gezi\/?page_id=46"},"modified":"2018-12-24T10:35:09","modified_gmt":"2018-12-24T10:35:09","slug":"hakkimda","status":"publish","type":"page","link":"https:\/\/milletmeclisi.com\/index.php\/hakkimda\/","title":{"rendered":"Hakk\u0131mda"},"content":{"rendered":"<div class=\"wpb-content-wrapper\"><p>[vc_row full_width=&#8221;stretch_row&#8221; css=&#8221;.vc_custom_1669821601559{margin-top: -30px !important;border-top-width: 1px !important;padding-top: 30px !important;padding-bottom: 30px !important;background-color: #ffffff !important;background-position: 0 0 !important;background-repeat: repeat !important;border-top-color: rgba(255,255,255,0.11) !important;border-top-style: solid !important;}&#8221;][vc_column][vc_custom_heading text=&#8221;Hakk\u0131mda&#8221; font_container=&#8221;tag:h1|text_align:left&#8221;][vc_column_text css=&#8221;.vc_custom_1669821656247{margin-bottom: 0px !important;}&#8221;]<\/p>\n<ol class=\"geo_breadcrumb\">\n<li class=\"root\"><a href=\"https:\/\/demo.kanthemes.com.tr\/geoit\/gezi\/\">Ana Sayfa<\/a><\/li>\n<li><a href=\"#\">Hakk\u0131m\u0131zda<\/a><\/li>\n<\/ol>\n<p>[\/vc_column_text][\/vc_column][\/vc_row][vc_row][vc_column][vc_empty_space height=&#8221;70px&#8221;][\/vc_column][\/vc_row][vc_row content_placement=&#8221;middle&#8221;][vc_column width=&#8221;1\/2&#8243; offset=&#8221;vc_hidden-xs&#8221; css=&#8221;.vc_custom_1669321029606{padding-right: 50px !important;}&#8221;][vc_single_image image=&#8221;201&#8243; img_size=&#8221;full&#8221; css=&#8221;.vc_custom_1669821813732{margin-bottom: 0px !important;}&#8221;][vc_empty_space height=&#8221;30px&#8221;][\/vc_column][vc_column width=&#8221;1\/2&#8243;][vc_custom_heading text=&#8221;Macera Dolu Hikayelerimi Payla\u015f\u0131yorum&#8221; font_container=&#8221;tag:h2|font_size:2.5rem|text_align:left|line_height:1.3&#8243;][vc_empty_space height=&#8221;15px&#8221;][vc_custom_heading text=&#8221;Lorem Ipsum, dizgi ve bask\u0131 end\u00fcstrisinde kullan\u0131lan m\u0131g\u0131r metinlerdir. Lorem Ipsum, 1500&#8217;lerden beri end\u00fcstri standard\u0131 sahte metinler olarak kullan\u0131lm\u0131\u015ft\u0131r.&#8221; font_container=&#8221;tag:p|font_size:2em|text_align:left|color:%23666666&#8243;][vc_custom_heading text=&#8221;Lorem Ipsum, dizgi ve bask\u0131 end\u00fcstrisinde kullan\u0131lan m\u0131g\u0131r metinlerdir. Lorem Ipsum, 1500&#8217;lerden beri end\u00fcstri standard\u0131 sahte metinler olarak kullan\u0131lm\u0131\u015ft\u0131r.&#8221; font_container=&#8221;tag:p|font_size:16px|text_align:left|color:%23666666&#8243;][vc_empty_space][vc_btn title=&#8221;Ba\u011f\u0131\u015f Yap&#8221;][\/vc_column][\/vc_row][vc_row css=&#8221;.vc_custom_1646939084492{margin-bottom: 100px !important;padding-top: 20px !important;}&#8221;][vc_column width=&#8221;1\/2&#8243;][vc_custom_heading text=&#8221;S\u0131k\u00e7a Sorular Sorular&#8221; font_container=&#8221;tag:h3|text_align:left&#8221; css=&#8221;.vc_custom_1646938172580{margin-bottom: 15px !important;}&#8221;][vc_tta_accordion title_tag=&#8221;h3&#8243; style=&#8221;outline&#8221; active_section=&#8221;1&#8243;][vc_tta_section title=&#8221;Section 1&#8243; tab_id=&#8221;1646934739910-845278b8-045e&#8221;][vc_column_text]I am text block. Click edit button to change this text. Lorem ipsum dolor sit amet, consectetur adipiscing elit. Ut elit tellus, luctus nec ullamcorper mattis, pulvinar dapibus leo.[\/vc_column_text][\/vc_tta_section][vc_tta_section title=&#8221;Section 1&#8243; tab_id=&#8221;1646934827819-76da1dd0-e5f3&#8243;][vc_column_text]I am text block. Click edit button to change this text. Lorem ipsum dolor sit amet, consectetur adipiscing elit. Ut elit tellus, luctus nec ullamcorper mattis, pulvinar dapibus leo.[\/vc_column_text][\/vc_tta_section][vc_tta_section title=&#8221;Section 2&#8243; tab_id=&#8221;1646934739910-d2646d53-969d&#8221;][vc_column_text]I am text block. Click edit button to change this text. Lorem ipsum dolor sit amet, consectetur adipiscing elit. Ut elit tellus, luctus nec ullamcorper mattis, pulvinar dapibus leo.[\/vc_column_text][\/vc_tta_section][vc_tta_section title=&#8221;Section 2&#8243; tab_id=&#8221;1646934797580-6a3a0821-d9f7&#8243;][vc_column_text]I am text block. Click edit button to change this text. Lorem ipsum dolor sit amet, consectetur adipiscing elit. Ut elit tellus, luctus nec ullamcorper mattis, pulvinar dapibus leo.[\/vc_column_text][\/vc_tta_section][vc_tta_section title=&#8221;Section 2&#8243; tab_id=&#8221;1646934795225-00d10030-9ff3&#8243;][vc_column_text]I am text block. Click edit button to change this text. Lorem ipsum dolor sit amet, consectetur adipiscing elit. Ut elit tellus, luctus nec ullamcorper mattis, pulvinar dapibus leo.[\/vc_column_text][\/vc_tta_section][\/vc_tta_accordion][\/vc_column][vc_column width=&#8221;1\/2&#8243;][vc_custom_heading text=&#8221;Sponsorluk&#8221; font_container=&#8221;tag:h3|text_align:left&#8221; css=&#8221;.vc_custom_1646938186164{margin-bottom: 15px !important;}&#8221;][vc_tta_accordion style=&#8221;outline&#8221; active_section=&#8221;1&#8243;][vc_tta_section title=&#8221;Section 1&#8243; tab_id=&#8221;1646934843411-29760afc-4766&#8243;][vc_column_text]I am text block. Click edit button to change this text. Lorem ipsum dolor sit amet, consectetur adipiscing elit. Ut elit tellus, luctus nec ullamcorper mattis, pulvinar dapibus leo.[\/vc_column_text][\/vc_tta_section][vc_tta_section title=&#8221;Section 1&#8243; tab_id=&#8221;1646934843412-03a539d3-9971&#8243;][vc_column_text]I am text block. Click edit button to change this text. Lorem ipsum dolor sit amet, consectetur adipiscing elit. Ut elit tellus, luctus nec ullamcorper mattis, pulvinar dapibus leo.[\/vc_column_text][\/vc_tta_section][vc_tta_section title=&#8221;Section 2&#8243; tab_id=&#8221;1646934843413-896fbbb3-ce45&#8243;][vc_column_text]I am text block. Click edit button to change this text. Lorem ipsum dolor sit amet, consectetur adipiscing elit. Ut elit tellus, luctus nec ullamcorper mattis, pulvinar dapibus leo.[\/vc_column_text][\/vc_tta_section][vc_tta_section title=&#8221;Section 2&#8243; tab_id=&#8221;1646934843413-3d42a5d6-4852&#8243;][vc_column_text]I am text block. Click edit button to change this text. Lorem ipsum dolor sit amet, consectetur adipiscing elit. Ut elit tellus, luctus nec ullamcorper mattis, pulvinar dapibus leo.[\/vc_column_text][\/vc_tta_section][vc_tta_section title=&#8221;Section 2&#8243; tab_id=&#8221;1646934843414-f76dc735-8281&#8243;][vc_column_text]I am text block. Click edit button to change this text. Lorem ipsum dolor sit amet, consectetur adipiscing elit. Ut elit tellus, luctus nec ullamcorper mattis, pulvinar dapibus leo.[\/vc_column_text][\/vc_tta_section][\/vc_tta_accordion][\/vc_column][\/vc_row]<\/p>\n<\/div>","protected":false},"excerpt":{"rendered":"<p>[vc_row full_width=&#8221;stretch_row&#8221; css=&#8221;.vc_custom_1669821601559{margin-top: -30px !important;border-top-width: 1px !important;padding-top: 30px !important;padding-bottom: 30px !important;background-color: #ffffff !important;background-position: 0 0 !important;background-repeat: repeat !important;border-top-color: rgba(255,255,255,0.11) !important;border-top-style:&#46;&#46;&#46;<\/p>\n","protected":false},"author":1,"featured_media":0,"parent":0,"menu_order":0,"comment_status":"closed","ping_status":"closed","template":"temp\/template-vc.php","meta":{"footnotes":""},"class_list":["post-46","page","type-page","status-publish","hentry"],"_links":{"self":[{"href":"https:\/\/milletmeclisi.com\/index.php\/wp-json\/wp\/v2\/pages\/46","targetHints":{"allow":["GET"]}}],"collection":[{"href":"https:\/\/milletmeclisi.com\/index.php\/wp-json\/wp\/v2\/pages"}],"about":[{"href":"https:\/\/milletmeclisi.com\/index.php\/wp-json\/wp\/v2\/types\/page"}],"author":[{"embeddable":true,"href":"https:\/\/milletmeclisi.com\/index.php\/wp-json\/wp\/v2\/users\/1"}],"replies":[{"embeddable":true,"href":"https:\/\/milletmeclisi.com\/index.php\/wp-json\/wp\/v2\/comments?post=46"}],"version-history":[{"count":0,"href":"https:\/\/milletmeclisi.com\/index.php\/wp-json\/wp\/v2\/pages\/46\/revisions"}],"wp:attachment":[{"href":"https:\/\/milletmeclisi.com\/index.php\/wp-json\/wp\/v2\/media?parent=46"}],"curies":[{"name":"wp","href":"https:\/\/api.w.org\/{rel}","templated":true}]}}